{"id":473,"date":"2023-08-01T12:00:26","date_gmt":"2023-08-01T10:00:26","guid":{"rendered":"https:\/\/www.caveau-ami-fritz.com\/\/?page_id=473"},"modified":"2023-08-26T11:29:03","modified_gmt":"2023-08-26T09:29:03","slug":"kontact-reservierung","status":"publish","type":"page","link":"https:\/\/www.caveau-ami-fritz.com\/de\/kontact-reservierung\/","title":{"rendered":"Kontact &#038; Reservierung"},"content":{"rendered":"<section class=\"l-section wpb_row height_small width_full\"><div class=\"l-section-overlay\" style=\"background:var(--color-content-faded)\"><\/div><div class=\"l-section-h i-cf\"><div class=\"g-cols vc_row via_grid cols_1 laptops-cols_inherit tablets-cols_inherit mobiles-cols_1 valign_top type_default stacking_default\"><div class=\"wpb_column vc_column_container\"><div class=\"vc_column-inner\"><div class=\"wpb_text_column us_custom_bd739f22 has_text_color us_animate_this\"><div class=\"wpb_wrapper\"><h1 style=\"text-align: center;\">Buchen Sie Ihren Aufenthalt oder Ihren Tisch im Caveau de L&#8217;Ami Fritz<\/h1>\n<\/div><\/div><\/div><\/div><\/div><\/div><\/section><section class=\"l-section wpb_row height_auto width_full\"><div class=\"l-section-h i-cf\"><div class=\"g-cols vc_row via_grid cols_4 laptops-cols_inherit tablets-cols_inherit mobiles-cols_2 valign_middle type_default stacking_default\" style=\"--gap:0rem;\"><div class=\"wpb_column vc_column_container\"><div class=\"vc_column-inner\"><div class=\"w-image us_custom_f0c7bf59 us_animate_this align_center\"><div class=\"w-image-h\"><img width=\"1024\" height=\"683\" src=\"https:\/\/www.caveau-ami-fritz.com\/wp-content\/uploads\/2023\/08\/terrasse-ami-fritz-10-1024x683.jpg\" class=\"attachment-medium size-medium\" alt=\"\" decoding=\"async\" loading=\"lazy\" srcset=\"https:\/\/www.caveau-ami-fritz.com\/wp-content\/uploads\/2023\/08\/terrasse-ami-fritz-10-1024x683.jpg 1024w, https:\/\/www.caveau-ami-fritz.com\/wp-content\/uploads\/2023\/08\/terrasse-ami-fritz-10-1280x853.jpg 1280w, https:\/\/www.caveau-ami-fritz.com\/wp-content\/uploads\/2023\/08\/terrasse-ami-fritz-10.jpg 1920w\" sizes=\"(max-width: 1024px) 100vw, 1024px\" \/><\/div><\/div><\/div><\/div><div class=\"wpb_column vc_column_container\"><div class=\"vc_column-inner\"><div class=\"w-image us_custom_9cdeb9c1 us_animate_this align_center\"><div class=\"w-image-h\"><img width=\"1024\" height=\"683\" src=\"https:\/\/www.caveau-ami-fritz.com\/wp-content\/uploads\/2023\/08\/caveau-ami-fritz-12-1024x683.jpg\" class=\"attachment-medium size-medium\" alt=\"\" decoding=\"async\" loading=\"lazy\" srcset=\"https:\/\/www.caveau-ami-fritz.com\/wp-content\/uploads\/2023\/08\/caveau-ami-fritz-12-1024x683.jpg 1024w, https:\/\/www.caveau-ami-fritz.com\/wp-content\/uploads\/2023\/08\/caveau-ami-fritz-12-1280x853.jpg 1280w, https:\/\/www.caveau-ami-fritz.com\/wp-content\/uploads\/2023\/08\/caveau-ami-fritz-12.jpg 1920w\" sizes=\"(max-width: 1024px) 100vw, 1024px\" \/><\/div><\/div><\/div><\/div><div class=\"wpb_column vc_column_container\"><div class=\"vc_column-inner\"><div class=\"w-image us_custom_ed891583 us_animate_this align_center\"><div class=\"w-image-h\"><img width=\"1024\" height=\"683\" src=\"https:\/\/www.caveau-ami-fritz.com\/wp-content\/uploads\/2023\/08\/caveau-ami-fritz-13-1024x683.jpg\" class=\"attachment-medium size-medium\" alt=\"\" decoding=\"async\" loading=\"lazy\" srcset=\"https:\/\/www.caveau-ami-fritz.com\/wp-content\/uploads\/2023\/08\/caveau-ami-fritz-13-1024x683.jpg 1024w, https:\/\/www.caveau-ami-fritz.com\/wp-content\/uploads\/2023\/08\/caveau-ami-fritz-13-1280x853.jpg 1280w, https:\/\/www.caveau-ami-fritz.com\/wp-content\/uploads\/2023\/08\/caveau-ami-fritz-13.jpg 1920w\" sizes=\"(max-width: 1024px) 100vw, 1024px\" \/><\/div><\/div><\/div><\/div><div class=\"wpb_column vc_column_container\"><div class=\"vc_column-inner\"><div class=\"w-image us_custom_b80b7dd0 us_animate_this align_center\"><div class=\"w-image-h\"><img width=\"1024\" height=\"683\" src=\"https:\/\/www.caveau-ami-fritz.com\/wp-content\/uploads\/2023\/08\/restaurant-ami-fritz-02-1024x683.jpg\" class=\"attachment-medium size-medium\" alt=\"\" decoding=\"async\" loading=\"lazy\" srcset=\"https:\/\/www.caveau-ami-fritz.com\/wp-content\/uploads\/2023\/08\/restaurant-ami-fritz-02-1024x683.jpg 1024w, https:\/\/www.caveau-ami-fritz.com\/wp-content\/uploads\/2023\/08\/restaurant-ami-fritz-02-1280x853.jpg 1280w, https:\/\/www.caveau-ami-fritz.com\/wp-content\/uploads\/2023\/08\/restaurant-ami-fritz-02.jpg 1920w\" sizes=\"(max-width: 1024px) 100vw, 1024px\" \/><\/div><\/div><\/div><\/div><\/div><\/div><\/section><section class=\"l-section wpb_row us_custom_f36a9b56 us_animate_this height_auto width_full color_secondary\"><div class=\"l-section-h i-cf\"><div class=\"g-cols vc_row via_grid cols_1 laptops-cols_inherit tablets-cols_inherit mobiles-cols_1 valign_middle type_default stacking_default\" style=\"--gap:0.5rem;\"><div class=\"wpb_column vc_column_container\"><div class=\"vc_column-inner\"><div class=\"g-cols wpb_row us_custom_3ca0d953 via_grid cols_3-1 laptops-cols_inherit tablets-cols_inherit mobiles-cols_1 valign_middle type_default stacking_default\" style=\"--gap:1rem;\"><div class=\"wpb_column vc_column_container\"><div class=\"vc_column-inner\"><div class=\"wpb_text_column us_custom_94fe9422\"><div class=\"wpb_wrapper\"><h3 style=\"text-align: center;\">Kontaktieren Sie uns sofort per Telefon :<\/h3>\n<\/div><\/div><\/div><\/div><div class=\"wpb_column vc_column_container\"><div class=\"vc_column-inner\"><h3 class=\"w-text us_custom_eb849559 icon_atleft\"><span class=\"w-text-h\"><i class=\"fas fa-phone\"><\/i><span class=\"w-text-value\">+33 389 736 811<\/span><\/span><\/h3><\/div><\/div><\/div><\/div><\/div><\/div><\/div><\/section><section class=\"l-section wpb_row height_auto width_full\"><div class=\"l-section-h i-cf\"><div class=\"g-cols vc_row via_grid cols_4 laptops-cols_inherit tablets-cols_inherit mobiles-cols_2 valign_middle type_default stacking_default\" style=\"--gap:0rem;\"><div class=\"wpb_column vc_column_container\"><div class=\"vc_column-inner\"><div class=\"w-image us_custom_f0c7bf59 us_animate_this align_center\"><div class=\"w-image-h\"><img width=\"1024\" height=\"683\" src=\"https:\/\/www.caveau-ami-fritz.com\/wp-content\/uploads\/2023\/08\/terrasse-ami-fritz-02-1024x683.jpg\" class=\"attachment-medium size-medium\" alt=\"\" decoding=\"async\" loading=\"lazy\" srcset=\"https:\/\/www.caveau-ami-fritz.com\/wp-content\/uploads\/2023\/08\/terrasse-ami-fritz-02-1024x683.jpg 1024w, https:\/\/www.caveau-ami-fritz.com\/wp-content\/uploads\/2023\/08\/terrasse-ami-fritz-02-1280x853.jpg 1280w, https:\/\/www.caveau-ami-fritz.com\/wp-content\/uploads\/2023\/08\/terrasse-ami-fritz-02.jpg 1920w\" sizes=\"(max-width: 1024px) 100vw, 1024px\" \/><\/div><\/div><\/div><\/div><div class=\"wpb_column vc_column_container\"><div class=\"vc_column-inner\"><div class=\"w-image us_custom_9cdeb9c1 us_animate_this align_center\"><div class=\"w-image-h\"><img width=\"1024\" height=\"683\" src=\"https:\/\/www.caveau-ami-fritz.com\/wp-content\/uploads\/2023\/08\/chambre-Laura-06-1024x683.jpg\" class=\"attachment-medium size-medium\" alt=\"\" decoding=\"async\" loading=\"lazy\" srcset=\"https:\/\/www.caveau-ami-fritz.com\/wp-content\/uploads\/2023\/08\/chambre-Laura-06-1024x683.jpg 1024w, https:\/\/www.caveau-ami-fritz.com\/wp-content\/uploads\/2023\/08\/chambre-Laura-06-1280x853.jpg 1280w, https:\/\/www.caveau-ami-fritz.com\/wp-content\/uploads\/2023\/08\/chambre-Laura-06.jpg 1920w\" sizes=\"(max-width: 1024px) 100vw, 1024px\" \/><\/div><\/div><\/div><\/div><div class=\"wpb_column vc_column_container\"><div class=\"vc_column-inner\"><div class=\"w-image us_custom_ed891583 us_animate_this align_center\"><div class=\"w-image-h\"><img width=\"1024\" height=\"683\" src=\"https:\/\/www.caveau-ami-fritz.com\/wp-content\/uploads\/2023\/08\/chambre-Maxime-02-1024x683.jpg\" class=\"attachment-medium size-medium\" alt=\"\" decoding=\"async\" loading=\"lazy\" srcset=\"https:\/\/www.caveau-ami-fritz.com\/wp-content\/uploads\/2023\/08\/chambre-Maxime-02-1024x683.jpg 1024w, https:\/\/www.caveau-ami-fritz.com\/wp-content\/uploads\/2023\/08\/chambre-Maxime-02-1280x853.jpg 1280w, https:\/\/www.caveau-ami-fritz.com\/wp-content\/uploads\/2023\/08\/chambre-Maxime-02.jpg 1920w\" sizes=\"(max-width: 1024px) 100vw, 1024px\" \/><\/div><\/div><\/div><\/div><div class=\"wpb_column vc_column_container\"><div class=\"vc_column-inner\"><div class=\"w-image us_custom_b80b7dd0 us_animate_this align_center\"><div class=\"w-image-h\"><img width=\"1024\" height=\"683\" src=\"https:\/\/www.caveau-ami-fritz.com\/wp-content\/uploads\/2023\/08\/caveau-ami-fritz-14-1024x683.jpg\" class=\"attachment-medium size-medium\" alt=\"\" decoding=\"async\" loading=\"lazy\" srcset=\"https:\/\/www.caveau-ami-fritz.com\/wp-content\/uploads\/2023\/08\/caveau-ami-fritz-14-1024x683.jpg 1024w, https:\/\/www.caveau-ami-fritz.com\/wp-content\/uploads\/2023\/08\/caveau-ami-fritz-14-1280x853.jpg 1280w, https:\/\/www.caveau-ami-fritz.com\/wp-content\/uploads\/2023\/08\/caveau-ami-fritz-14.jpg 1920w\" sizes=\"(max-width: 1024px) 100vw, 1024px\" \/><\/div><\/div><\/div><\/div><\/div><\/div><\/section><section class=\"l-section wpb_row height_small\"><div class=\"l-section-overlay\" style=\"background:var(--color-footer-bg-alt)\"><\/div><div class=\"l-section-h i-cf\"><div class=\"g-cols vc_row via_grid cols_1-3-1 laptops-cols_inherit tablets-cols_inherit mobiles-cols_1 valign_top type_default stacking_default\"><div class=\"wpb_column vc_column_container\"><div class=\"vc_column-inner\"><\/div><\/div><div class=\"wpb_column vc_column_container\"><div class=\"vc_column-inner\"><div class=\"wpb_text_column us_custom_6a7bcd00 us_animate_this\"><div class=\"wpb_wrapper\"><h2 style=\"text-align: center;\"><strong>Haben Sie Fragen oder ben\u00f6tigen Sie eine Auskunft ?\u00a0<\/strong><\/h2>\n<h3 style=\"text-align: center;\">Schreiben Sie uns direkt \u00fcber das untenstehende Formular, unser Team steht Ihnen gerne zur Verf\u00fcgung und wird Ihnen so schnell wie m\u00f6glich antworten.<\/h3>\n<\/div><\/div><div class=\"w-separator size_medium\"><\/div>\n<div class=\"wpcf7 no-js\" id=\"wpcf7-f510-o1\" lang=\"fr-FR\" dir=\"ltr\">\n<div class=\"screen-reader-response\"><p role=\"status\" aria-live=\"polite\" aria-atomic=\"true\"><\/p> <ul><\/ul><\/div>\n<form action=\"\/de\/wp-json\/wp\/v2\/pages\/473#wpcf7-f510-o1\" method=\"post\" class=\"wpcf7-form init\" aria-label=\"Formulaire de contact\" novalidate=\"novalidate\" data-status=\"init\">\n<div style=\"display: none;\">\n<input type=\"hidden\" name=\"_wpcf7\" value=\"510\" \/>\n<input type=\"hidden\" name=\"_wpcf7_version\" value=\"5.8.1\" \/>\n<input type=\"hidden\" name=\"_wpcf7_locale\" value=\"fr_FR\" \/>\n<input type=\"hidden\" name=\"_wpcf7_unit_tag\" value=\"wpcf7-f510-o1\" \/>\n<input type=\"hidden\" name=\"_wpcf7_container_post\" value=\"0\" \/>\n<input type=\"hidden\" name=\"_wpcf7_posted_data_hash\" value=\"\" \/>\n<input type=\"hidden\" name=\"_wpcf7_recaptcha_response\" value=\"\" \/>\n<\/div>\n<p>Namen (ben\u00f6tigt)\n<\/p>\n<p><span class=\"wpcf7-form-control-wrap\" data-name=\"your-name\"><input size=\"40\" class=\"wpcf7-form-control wpcf7-text wpcf7-validates-as-required\" aria-required=\"true\" aria-invalid=\"false\" value=\"\" type=\"text\" name=\"your-name\" \/><\/span>\n<\/p>\n<p>Vorname (ben\u00f6tigt)\n<\/p>\n<p><span class=\"wpcf7-form-control-wrap\" data-name=\"text-629\"><input size=\"40\" class=\"wpcf7-form-control wpcf7-text wpcf7-validates-as-required\" aria-required=\"true\" aria-invalid=\"false\" value=\"\" type=\"text\" name=\"text-629\" \/><\/span>\n<\/p>\n<p>eMail (ben\u00f6tigt)\n<\/p>\n<p><span class=\"wpcf7-form-control-wrap\" data-name=\"your-email\"><input size=\"40\" class=\"wpcf7-form-control wpcf7-email wpcf7-validates-as-required wpcf7-text wpcf7-validates-as-email\" aria-required=\"true\" aria-invalid=\"false\" value=\"\" type=\"email\" name=\"your-email\" \/><\/span>\n<\/p>\n<p>Telefonnummer (ben\u00f6tigt)\n<\/p>\n<p><span class=\"wpcf7-form-control-wrap\" data-name=\"tel-139\"><input size=\"40\" class=\"wpcf7-form-control wpcf7-tel wpcf7-validates-as-required wpcf7-text wpcf7-validates-as-tel\" aria-required=\"true\" aria-invalid=\"false\" value=\"\" type=\"tel\" name=\"tel-139\" \/><\/span>\n<\/p>\n<p>Ihre Nachricht (ben\u00f6tigt)\n<\/p>\n<p><span class=\"wpcf7-form-control-wrap\" data-name=\"your-message\"><textarea cols=\"40\" rows=\"10\" class=\"wpcf7-form-control wpcf7-textarea wpcf7-validates-as-required\" aria-required=\"true\" aria-invalid=\"false\" name=\"your-message\"><\/textarea><\/span>\n<\/p>\n<p><input class=\"wpcf7-form-control wpcf7-submit has-spinner\" type=\"submit\" value=\"Senden\" \/>\n<\/p><div class=\"wpcf7-response-output\" aria-hidden=\"true\"><\/div>\n<\/form>\n<\/div>\n<div class=\"wpb_text_column us_custom_cfa0a748 us_animate_this\"><div class=\"wpb_wrapper\"><p>Mit dem Absenden dieses Formulars erkl\u00e4ren Sie sich damit einverstanden, dass Ihre pers\u00f6nlichen Daten verwendet werden, um Sie im Zusammenhang mit Ihrer Anfrage zu kontaktieren. Es wird keine weitere Verarbeitung Ihrer Daten vorgenommen. Um Ihre Rechte zu erfahren und auszu\u00fcben, lesen Sie bitte unsere rechtlichen Hinweise und unsere Datenschutzbestimmungen.<\/p>\n<\/div><\/div><\/div><\/div><div class=\"wpb_column vc_column_container\"><div class=\"vc_column-inner\"><\/div><\/div><\/div><\/div><\/section>\n","protected":false},"excerpt":{"rendered":"Buchen Sie Ihren Aufenthalt oder Ihren Tisch im Caveau de L&#8217;Ami Fritz Kontaktieren Sie uns sofort per Telefon : +33 389 736 811Haben Sie Fragen oder ben\u00f6tigen Sie eine Auskunft ?\u00a0 Schreiben Sie uns direkt \u00fcber das untenstehende Formular, unser Team steht Ihnen gerne zur Verf\u00fcgung und wird Ihnen so schnell wie m\u00f6glich antworten. Namen...","protected":false},"author":1,"featured_media":2054,"parent":0,"menu_order":0,"comment_status":"closed","ping_status":"closed","template":"","meta":{"footnotes":""},"_links":{"self":[{"href":"https:\/\/www.caveau-ami-fritz.com\/de\/wp-json\/wp\/v2\/pages\/473"}],"collection":[{"href":"https:\/\/www.caveau-ami-fritz.com\/de\/wp-json\/wp\/v2\/pages"}],"about":[{"href":"https:\/\/www.caveau-ami-fritz.com\/de\/wp-json\/wp\/v2\/types\/page"}],"author":[{"embeddable":true,"href":"https:\/\/www.caveau-ami-fritz.com\/de\/wp-json\/wp\/v2\/users\/1"}],"replies":[{"embeddable":true,"href":"https:\/\/www.caveau-ami-fritz.com\/de\/wp-json\/wp\/v2\/comments?post=473"}],"version-history":[{"count":8,"href":"https:\/\/www.caveau-ami-fritz.com\/de\/wp-json\/wp\/v2\/pages\/473\/revisions"}],"predecessor-version":[{"id":2988,"href":"https:\/\/www.caveau-ami-fritz.com\/de\/wp-json\/wp\/v2\/pages\/473\/revisions\/2988"}],"wp:featuredmedia":[{"embeddable":true,"href":"https:\/\/www.caveau-ami-fritz.com\/de\/wp-json\/wp\/v2\/media\/2054"}],"wp:attachment":[{"href":"https:\/\/www.caveau-ami-fritz.com\/de\/wp-json\/wp\/v2\/media?parent=473"}],"curies":[{"name":"wp","href":"https:\/\/api.w.org\/{rel}","templated":true}]}}