{"id":501,"date":"2023-08-01T08:00:46","date_gmt":"2023-08-01T06:00:46","guid":{"rendered":"https:\/\/www.caveau-ami-fritz.com\/\/?page_id=501"},"modified":"2023-08-26T10:23:04","modified_gmt":"2023-08-26T08:23:04","slug":"tourism-in-ribeauville-and-surroundings-in-alsace","status":"publish","type":"page","link":"https:\/\/www.caveau-ami-fritz.com\/en\/tourism-in-ribeauville-and-surroundings-in-alsace\/","title":{"rendered":"Ribeauvill\u00e9"},"content":{"rendered":"<section class=\"l-section wpb_row height_small width_full\"><div class=\"l-section-overlay\" style=\"background:var(--color-content-faded)\"><\/div><div class=\"l-section-h i-cf\"><div class=\"g-cols vc_row via_grid cols_1 laptops-cols_inherit tablets-cols_inherit mobiles-cols_1 valign_top type_default stacking_default\"><div class=\"wpb_column vc_column_container\"><div class=\"vc_column-inner\"><div class=\"wpb_text_column us_custom_bd739f22 has_text_color us_animate_this\"><div class=\"wpb_wrapper\"><h1 style=\"text-align: center;\">Ribeauvill\u00e9, the Cit\u00e9 des M\u00e9n\u00e9triers in the heart of the Alsatian vineyards<\/h1>\n<\/div><\/div><\/div><\/div><\/div><\/div><\/section><section class=\"l-section wpb_row height_huge with_img parallax_ver\"><div class=\"l-section-img\" role=\"img\" data-img-width=\"1920\" data-img-height=\"1280\" style=\"background-image: url(https:\/\/www.caveau-ami-fritz.com\/wp-content\/uploads\/2015\/09\/slide-fritz-10.jpg);background-repeat: no-repeat;\"><\/div><div class=\"l-section-h i-cf\"><div class=\"g-cols vc_row via_grid cols_1 laptops-cols_inherit tablets-cols_inherit mobiles-cols_1 valign_top type_default stacking_default\"><div class=\"wpb_column vc_column_container\"><div class=\"vc_column-inner\"><div class=\"w-separator size_huge\"><\/div><\/div><\/div><\/div><\/div><\/section><section class=\"l-section wpb_row height_auto width_full color_secondary\"><div class=\"l-section-h i-cf\"><div class=\"g-cols vc_row via_grid cols_1 laptops-cols_inherit tablets-cols_inherit mobiles-cols_1 valign_top type_default stacking_default\" style=\"--gap:0.2rem;\"><div class=\"wpb_column vc_column_container\"><div class=\"vc_column-inner\"><div class=\"g-cols wpb_row us_custom_bbc3ab78 via_grid cols_1-5 laptops-cols_inherit tablets-cols_inherit mobiles-cols_1 valign_middle type_default stacking_default\" style=\"--gap:0rem;\"><div class=\"wpb_column vc_column_container\"><div class=\"vc_column-inner\"><div class=\"w-separator size_small\"><\/div><div class=\"w-image us_custom_f59094e0 us_animate_this align_center\"><div class=\"w-image-h\"><img width=\"100\" height=\"110\" src=\"https:\/\/www.caveau-ami-fritz.com\/wp-content\/uploads\/2015\/06\/Blason_Ribeauville.png\" class=\"attachment-full size-full\" alt=\"\" decoding=\"async\" loading=\"lazy\" \/><\/div><\/div><div class=\"w-separator size_small\"><\/div><\/div><\/div><div class=\"wpb_column vc_column_container\"><div class=\"vc_column-inner\"><div class=\"wpb_text_column\"><div class=\"wpb_wrapper\"><h3 style=\"text-align: center;\">Discover Ribeauvill\u00e9 in Alsace<\/h3>\n<\/div><\/div><div class=\"w-separator size_small\"><\/div><div class=\"wpb_text_column\"><div class=\"wpb_wrapper\"><p>Nestled at the foot of the Taennchel massif and in the heart of the Alsatian vineyards, less than an hour from Strasbourg or Mulhouse, and just minutes away from the top attractions of Alsace, Ribeauvill\u00e9 is ideally situated on the Wine Route in central Alsace. A &#8220;climatic station&#8221; and &#8220;green vacation destination,&#8221; the Cit\u00e9 des M\u00e9n\u00e9triers will introduce you to its medieval charm through its rich historical and cultural heritage.<\/p>\n<\/div><\/div><\/div><\/div><\/div><\/div><\/div><\/div><\/div><\/section><section class=\"l-section wpb_row height_auto width_full\"><div class=\"l-section-h i-cf\"><div class=\"g-cols vc_row via_grid cols_1 laptops-cols_inherit tablets-cols_inherit mobiles-cols_1 valign_top type_default stacking_default\"><div class=\"wpb_column vc_column_container\"><div class=\"vc_column-inner\"><div class=\"w-image us_custom_8c71efed us_animate_this has_ratio align_none\"><div class=\"w-image-h\"><div style=\"padding-bottom:33.3333%\"><\/div><img width=\"1920\" height=\"1280\" src=\"https:\/\/www.caveau-ami-fritz.com\/wp-content\/uploads\/2015\/09\/slide-fritz-9.jpg\" class=\"attachment-full size-full\" alt=\"\" decoding=\"async\" loading=\"lazy\" srcset=\"https:\/\/www.caveau-ami-fritz.com\/wp-content\/uploads\/2015\/09\/slide-fritz-9.jpg 1920w, https:\/\/www.caveau-ami-fritz.com\/wp-content\/uploads\/2015\/09\/slide-fritz-9-300x200.jpg 300w, https:\/\/www.caveau-ami-fritz.com\/wp-content\/uploads\/2015\/09\/slide-fritz-9-1024x683.jpg 1024w\" sizes=\"(max-width: 1920px) 100vw, 1920px\" \/><\/div><\/div><\/div><\/div><\/div><\/div><\/section><section class=\"l-section wpb_row height_large\"><div class=\"l-section-overlay\" style=\"background:var(--color-footer-bg-alt)\"><\/div><div class=\"l-section-h i-cf\"><div class=\"g-cols vc_row via_grid cols_1 laptops-cols_inherit tablets-cols_inherit mobiles-cols_1 valign_top type_default stacking_default\" style=\"--gap:0rem;\"><div class=\"wpb_column vc_column_container\"><div class=\"vc_column-inner\"><div class=\"g-cols wpb_row via_grid cols_2 laptops-cols_inherit tablets-cols_inherit mobiles-cols_1 valign_middle type_default stacking_default\"><div class=\"wpb_column vc_column_container\"><div class=\"vc_column-inner\"><div class=\"wpb_text_column us_custom_7d39fe36 us_animate_this\"><div class=\"wpb_wrapper\"><h2 style=\"text-align: right;\">Immerse yourself in the heart of Alsace and its history in Ribeauvill\u00e9<\/h2>\n<\/div><\/div><div class=\"w-separator size_small with_line width_30 thick_5 style_solid color_border align_center\"><div class=\"w-separator-h\"><\/div><\/div><div class=\"wpb_text_column us_custom_9c363c9a us_animate_this\"><div class=\"wpb_wrapper\"><p>Nestled in the heart of Alsace, on the prestigious Wine Route, Ribeauvill\u00e9 unveils its timeless charms. This picturesque town, crowned by three castles dating back to the 14th century, bears witness to a rich historical heritage carefully preserved. As you explore its narrow streets, you discover a city deeply rooted in its past and traditions.<\/p>\n<p>The Grand-Rue, a kilometer-long treasure, invites you to step back in time. With each step, you&#8217;ll feel the soul emanating from every shop. Here, artisans and merchants share a common passion for preserving and celebrating their heritage.<\/p>\n<p>An essential part of your stroll is the majestic Tour des Bouchers, an Alsatian icon that gracefully dominates the heart of Ribeauvill\u00e9. Its imposing presence recalls the city&#8217;s rich past and offers a unique panorama of the city center.<\/p>\n<\/div><\/div><div class=\"w-separator size_small\"><\/div><\/div><\/div><div class=\"wpb_column vc_column_container\"><div class=\"vc_column-inner\"><div class=\"w-separator size_large\"><\/div><div class=\"w-image us_custom_c226f84a us_animate_this has_ratio align_center\"><div class=\"w-image-h\"><div style=\"padding-bottom:133.3333%\"><\/div><img width=\"720\" height=\"981\" src=\"https:\/\/www.caveau-ami-fritz.com\/wp-content\/uploads\/2015\/06\/ribeauville-alsace-france.jpg\" class=\"attachment-full size-full\" alt=\"\" decoding=\"async\" loading=\"lazy\" srcset=\"https:\/\/www.caveau-ami-fritz.com\/wp-content\/uploads\/2015\/06\/ribeauville-alsace-france.jpg 720w, https:\/\/www.caveau-ami-fritz.com\/wp-content\/uploads\/2015\/06\/ribeauville-alsace-france-220x300.jpg 220w\" sizes=\"(max-width: 720px) 100vw, 720px\" \/><\/div><\/div><div class=\"w-separator hide_on_mobiles size_large\"><\/div><\/div><\/div><\/div><\/div><\/div><\/div><\/div><\/section><section class=\"l-section wpb_row height_auto width_full color_secondary\"><div class=\"l-section-h i-cf\"><div class=\"g-cols vc_row via_grid cols_1 laptops-cols_inherit tablets-cols_inherit mobiles-cols_1 valign_middle type_default stacking_default\" style=\"--gap:1rem;\"><div class=\"wpb_column vc_column_container\"><div class=\"vc_column-inner\"><div class=\"g-cols wpb_row us_custom_53d50cdf us_animate_this via_grid cols_1 laptops-cols_inherit tablets-cols_inherit mobiles-cols_1 valign_top type_default stacking_default\"><div class=\"wpb_column vc_column_container\"><div class=\"vc_column-inner\"><div class=\"wpb_text_column us_custom_83287d98 us_animate_this\"><div class=\"wpb_wrapper\"><h2 style=\"text-align: center;\">Some tourist recommendations from l&#8217;Ami Fritz<\/h2>\n<\/div><\/div><div class=\"w-separator size_small\"><\/div><\/div><\/div><\/div><div class=\"g-cols wpb_row us_custom_810a8637 via_grid cols_1-2 laptops-cols_inherit tablets-cols_inherit mobiles-cols_1 valign_middle type_default stacking_default\"><div class=\"wpb_column vc_column_container us_custom_6c21c073 us_animate_this\"><div class=\"vc_column-inner\"><div class=\"w-image us_custom_a8ee3110 align_center\"><div class=\"w-image-h\"><img width=\"700\" height=\"1273\" src=\"https:\/\/www.caveau-ami-fritz.com\/wp-content\/uploads\/2015\/06\/logo-fritz-1100-2000-white.png\" class=\"attachment-full size-full\" alt=\"\" decoding=\"async\" loading=\"lazy\" srcset=\"https:\/\/www.caveau-ami-fritz.com\/wp-content\/uploads\/2015\/06\/logo-fritz-1100-2000-white.png 700w, https:\/\/www.caveau-ami-fritz.com\/wp-content\/uploads\/2015\/06\/logo-fritz-1100-2000-white-165x300.png 165w, https:\/\/www.caveau-ami-fritz.com\/wp-content\/uploads\/2015\/06\/logo-fritz-1100-2000-white-563x1024.png 563w\" sizes=\"(max-width: 700px) 100vw, 700px\" \/><\/div><\/div><\/div><\/div><div class=\"wpb_column vc_column_container us_custom_ff13c409 us_animate_this\"><div class=\"vc_column-inner\"><div class=\"wpb_text_column us_custom_d03030e5\"><div class=\"wpb_wrapper\"><blockquote>\n<p>From l&#8217;Ami Fritz&#8217;s Caveau, the treasures of Ribeauvill\u00e9 and its surroundings are at your fingertips.<\/p>\n<\/blockquote>\n<\/div><\/div><div class=\"w-separator size_small\"><\/div><div class=\"wpb_text_column\"><div class=\"wpb_wrapper\"><p style=\"text-align: center;\"><strong>Discovering the heritage of Ribeauvill\u00e9 :<\/strong><\/p>\n<\/div><\/div><div class=\"wpb_text_column us_custom_2c4f4a12\"><div class=\"wpb_wrapper\"><p>\u2013 \u201cPfifferh\u00fcs\u201d, or Fiddlers house (around 1680)<br \/>\n\u2013 Renaissance-style houses at 4 rue Salzmann and at 4 rue du Couvent<br \/>\n\u2013 The former Corn exchange (1437)<br \/>\n\u2013 Half-timber houses, rue des Juifs<br \/>\n\u2013 The Former hospital Chapel, now a museum (15th century)<br \/>\n\u2013 The Former hospital, next to the chapel (1542 and 1739) :<br \/>\nyou will find the Caveau de l\u2019Ami Fritz at this same location<br \/>\n\u2013 Renaissance-style houses at 9 and 12 place du Bouc, dating back to 1694<br \/>\n\u2013 Other Renaissance-style houses at 21 and 25, rue Klobb<br \/>\n\u2013 Renaissance fountain at the Place de l\u2019H\u00f4tel de Ville<br \/>\n\u2013 Fountain at the Place de la R\u00e9publique (1576)<br \/>\n\u2013 Renaissance fountain at 81 Grand\u2019Rue<br \/>\n\u2013 The Town Hall (1778)<br \/>\n\u2013 Porte des Bouchers gate and Tour des Bouchers tower (13th century) 200 meters from the Town Hall<br \/>\n\u2013 Porte des Pucelles gate<br \/>\n\u2013 The fortification round-towers<br \/>\n\u2013 Auberge des Trois-Rois inn (1540)<br \/>\n\u2013 H\u00f4tellerie du Soleil hotels (16th century)<\/p>\n<\/div><\/div><div class=\"w-separator size_small\"><\/div><div class=\"wpb_text_column\"><div class=\"wpb_wrapper\"><p style=\"text-align: center;\"><strong>Visits and outings on foot or by bike :<\/strong><\/p>\n<\/div><\/div><div class=\"wpb_text_column us_custom_2c4f4a12\"><div class=\"wpb_wrapper\"><p>\u2013 The Girsberg (13th century), Haut-Ribeaupierre and Saint-Ulrich castle ruins<br \/>\n\u2013 The gothic church of the former Augustinian convent<br \/>\n\u2013 Saint Gr\u00e9goire church at the gothic nave<br \/>\n\u2013 The Dusenbach Chapels<br \/>\n\u2013 The neo-gothic-style Grand church of Dusenbach (1903)<br \/>\n\u2013 The old hospice museum<\/p>\n<\/div><\/div><div class=\"w-separator size_small\"><\/div><div class=\"wpb_text_column\"><div class=\"wpb_wrapper\"><p style=\"text-align: center;\"><strong>Top tourist attractions in the area :<\/strong><\/p>\n<\/div><\/div><div class=\"wpb_text_column us_custom_2c4f4a12\"><div class=\"wpb_wrapper\"><p>Ribeauvill\u00e9 is also your privileged gateway to the Alsace Wine Route, as well as the gems of the surrounding tourism. Let yourself be enchanted by the enchanting panoramas of Alsatian vineyards and taste the internationally renowned Alsace Wines. Explore charming neighboring towns, from Colmar to Kaysersberg, through Riquewihr and Eguisheim.<\/p>\n<p>If adventure calls, discover the Ch\u00e2teau du Haut-Koenigsbourg, the Monkey Mountain, and the Eagle Sanctuary. Treat yourself to moments of joy with your family at the Stork Park in Hunawihr, or at the amusement parks Cigoland and Le Petit Prince&#8230;<\/p>\n<\/div><\/div><\/div><\/div><\/div><\/div><\/div><\/div><\/div><\/section><section class=\"l-section wpb_row height_large\"><div class=\"l-section-overlay\" style=\"background:var(--color-footer-bg-alt)\"><\/div><div class=\"l-section-h i-cf\"><div class=\"g-cols vc_row via_grid cols_1 laptops-cols_inherit tablets-cols_inherit mobiles-cols_1 valign_middle type_default reversed stacking_default\" style=\"--gap:0rem;\"><div class=\"wpb_column vc_column_container\"><div class=\"vc_column-inner\"><div class=\"g-cols wpb_row via_grid cols_2 laptops-cols_inherit tablets-cols_inherit mobiles-cols_1 valign_top type_default reversed stacking_default\"><div class=\"wpb_column vc_column_container\"><div class=\"vc_column-inner\"><div class=\"w-separator size_large\"><\/div><div class=\"w-image us_custom_fb212395 us_animate_this has_ratio align_center\"><div class=\"w-image-h\"><div style=\"padding-bottom:141.4886%\"><\/div><img width=\"1357\" height=\"1920\" src=\"https:\/\/www.caveau-ami-fritz.com\/wp-content\/uploads\/2023\/08\/affiche-pfifferdaj-ribeauviile-2023.jpg\" class=\"attachment-full size-full\" alt=\"\" decoding=\"async\" loading=\"lazy\" srcset=\"https:\/\/www.caveau-ami-fritz.com\/wp-content\/uploads\/2023\/08\/affiche-pfifferdaj-ribeauviile-2023.jpg 1357w, https:\/\/www.caveau-ami-fritz.com\/wp-content\/uploads\/2023\/08\/affiche-pfifferdaj-ribeauviile-2023-724x1024.jpg 724w, https:\/\/www.caveau-ami-fritz.com\/wp-content\/uploads\/2023\/08\/affiche-pfifferdaj-ribeauviile-2023-905x1280.jpg 905w\" sizes=\"(max-width: 1357px) 100vw, 1357px\" \/><\/div><\/div><\/div><\/div><div class=\"wpb_column vc_column_container\"><div class=\"vc_column-inner\"><div class=\"wpb_text_column us_custom_80d660cc us_animate_this\"><div class=\"wpb_wrapper\"><h2>Vibrant with life and events, Ribeauvill\u00e9 awaits you !<\/h2>\n<\/div><\/div><div class=\"w-separator size_small with_line width_30 thick_5 style_solid color_border align_center\"><div class=\"w-separator-h\"><\/div><\/div><div class=\"wpb_text_column us_custom_6816b6a7 us_animate_this\"><div class=\"wpb_wrapper\"><p>Ribeauvill\u00e9 never ceases to surprise you, offering a rich array of entertainment throughout the year thanks to its vibrant community life. Whether you&#8217;re passionate about lively village festivals, intimate music and theater festivals, or iconic celebrations, this charming town has something to delight every taste.<\/p>\n<p>The calendar is generously diverse, ensuring that each visit is an opportunity to discover something new and exciting. And there&#8217;s something for every schedule: from friendly village celebrations to cultural events that awaken your senses.<\/p>\n<p>But perhaps the highlight of this eventful experience is the legendary &#8220;Pfifferdaj,&#8221; the Festival of Minstrels. Every first weekend of September, the town transforms into a living spectacle with a spectacular procession of 1500 participants. This iconic celebration, steeped in history and authenticity, is the pinnacle of the year, where the spirit of the community blends with festive fervor.<\/p>\n<p>Come and discover how Ribeauvill\u00e9 brings its traditions and passion to life throughout the year. Each event is an opportunity to dive deeper into the warm atmosphere of this Alsatian town, where history and modernity come together to create an unforgettable experience.<\/p>\n<\/div><\/div><div class=\"w-separator size_small\"><\/div><\/div><\/div><\/div><\/div><\/div><\/div><\/div><\/section>\n","protected":false},"excerpt":{"rendered":"Ribeauvill\u00e9, the Cit\u00e9 des M\u00e9n\u00e9triers in the heart of the Alsatian vineyards Discover Ribeauvill\u00e9 in Alsace Nestled at the foot of the Taennchel massif and in the heart of the Alsatian vineyards, less than an hour from Strasbourg or Mulhouse, and just minutes away from the top attractions of Alsace, Ribeauvill\u00e9 is ideally situated on...","protected":false},"author":1,"featured_media":846,"parent":0,"menu_order":0,"comment_status":"closed","ping_status":"closed","template":"","meta":{"footnotes":""},"_links":{"self":[{"href":"https:\/\/www.caveau-ami-fritz.com\/en\/wp-json\/wp\/v2\/pages\/501"}],"collection":[{"href":"https:\/\/www.caveau-ami-fritz.com\/en\/wp-json\/wp\/v2\/pages"}],"about":[{"href":"https:\/\/www.caveau-ami-fritz.com\/en\/wp-json\/wp\/v2\/types\/page"}],"author":[{"embeddable":true,"href":"https:\/\/www.caveau-ami-fritz.com\/en\/wp-json\/wp\/v2\/users\/1"}],"replies":[{"embeddable":true,"href":"https:\/\/www.caveau-ami-fritz.com\/en\/wp-json\/wp\/v2\/comments?post=501"}],"version-history":[{"count":8,"href":"https:\/\/www.caveau-ami-fritz.com\/en\/wp-json\/wp\/v2\/pages\/501\/revisions"}],"predecessor-version":[{"id":3000,"href":"https:\/\/www.caveau-ami-fritz.com\/en\/wp-json\/wp\/v2\/pages\/501\/revisions\/3000"}],"wp:featuredmedia":[{"embeddable":true,"href":"https:\/\/www.caveau-ami-fritz.com\/en\/wp-json\/wp\/v2\/media\/846"}],"wp:attachment":[{"href":"https:\/\/www.caveau-ami-fritz.com\/en\/wp-json\/wp\/v2\/media?parent=501"}],"curies":[{"name":"wp","href":"https:\/\/api.w.org\/{rel}","templated":true}]}}